{"id":973,"date":"2022-12-20T22:42:22","date_gmt":"2022-12-20T23:42:22","guid":{"rendered":"https:\/\/fmartinsapartment.com\/?page_id=973"},"modified":"2022-12-21T20:47:16","modified_gmt":"2022-12-21T21:47:16","slug":"cookiespolicy","status":"publish","type":"page","link":"https:\/\/fmartinsapartment.com\/pt\/cookiespolicy\/","title":{"rendered":"COOKIES POLICY"},"content":{"rendered":"<div data-elementor-type=\"wp-page\" data-elementor-id=\"973\" class=\"elementor elementor-973\" data-elementor-post-type=\"page\">\n\t\t\t\t\t\t<section class=\"elementor-section elementor-top-section elementor-element elementor-element-730eb11d elementor-section-boxed elementor-section-height-default elementor-section-height-default\" data-id=\"730eb11d\" data-element_type=\"section\" data-settings=\"{&quot;background_background&quot;:&quot;classic&quot;,&quot;shape_divider_bottom&quot;:&quot;waves&quot;}\">\n\t\t\t\t\t\t\t<div class=\"elementor-background-overlay\"><\/div>\n\t\t\t\t\t\t<div class=\"elementor-shape elementor-shape-bottom\" data-negative=\"false\">\n\t\t\t<svg xmlns=\"http:\/\/www.w3.org\/2000\/svg\" viewbox=\"0 0 1000 100\" preserveaspectratio=\"none\">\n\t<path class=\"elementor-shape-fill\" d=\"M421.9,6.5c22.6-2.5,51.5,0.4,75.5,5.3c23.6,4.9,70.9,23.5,100.5,35.7c75.8,32.2,133.7,44.5,192.6,49.7\tc23.6,2.1,48.7,3.5,103.4-2.5c54.7-6,106.2-25.6,106.2-25.6V0H0v30.3c0,0,72,32.6,158.4,30.5c39.2-0.7,92.8-6.7,134-22.4\tc21.2-8.1,52.2-18.2,79.7-24.2C399.3,7.9,411.6,7.5,421.9,6.5z\"\/>\n<\/svg>\t\t<\/div>\n\t\t\t\t\t<div class=\"elementor-container elementor-column-gap-default\">\n\t\t\t\t\t<div class=\"elementor-column elementor-col-100 elementor-top-column elementor-element elementor-element-288a88c7\" data-id=\"288a88c7\" data-element_type=\"column\">\n\t\t\t<div class=\"elementor-widget-wrap elementor-element-populated\">\n\t\t\t\t\t\t<div class=\"elementor-element elementor-element-12298301 elementor-invisible elementor-widget elementor-widget-heading\" data-id=\"12298301\" data-element_type=\"widget\" data-settings=\"{&quot;_animation&quot;:&quot;fadeInLeft&quot;,&quot;_animation_mobile&quot;:&quot;fadeInLeft&quot;}\" data-widget_type=\"heading.default\">\n\t\t\t\t<div class=\"elementor-widget-container\">\n\t\t\t\t\t<h5 class=\"elementor-heading-title elementor-size-default\">Apartamentos Francisco Martins<\/h5>\t\t\t\t<\/div>\n\t\t\t\t<\/div>\n\t\t\t\t<div class=\"elementor-element elementor-element-55b50cf2 elementor-invisible elementor-widget elementor-widget-heading\" data-id=\"55b50cf2\" data-element_type=\"widget\" data-settings=\"{&quot;_animation&quot;:&quot;fadeInLeft&quot;,&quot;_animation_delay&quot;:200,&quot;_animation_mobile&quot;:&quot;fadeInLeft&quot;}\" data-widget_type=\"heading.default\">\n\t\t\t\t<div class=\"elementor-widget-container\">\n\t\t\t\t\t<h1 class=\"elementor-heading-title elementor-size-default\">Pol\u00edtica de Cookies<\/h1>\t\t\t\t<\/div>\n\t\t\t\t<\/div>\n\t\t\t\t\t<\/div>\n\t\t<\/div>\n\t\t\t\t\t<\/div>\n\t\t<\/section>\n\t\t\t\t<section class=\"elementor-section elementor-top-section elementor-element elementor-element-35e97298 elementor-section-content-middle elementor-section-boxed elementor-section-height-default elementor-section-height-default\" data-id=\"35e97298\" data-element_type=\"section\">\n\t\t\t\t\t\t<div class=\"elementor-container elementor-column-gap-default\">\n\t\t\t\t\t<div class=\"elementor-column elementor-col-100 elementor-top-column elementor-element elementor-element-1245677d\" data-id=\"1245677d\" data-element_type=\"column\">\n\t\t\t<div class=\"elementor-widget-wrap elementor-element-populated\">\n\t\t\t\t\t\t<div class=\"elementor-element elementor-element-573f5091 elementor-invisible elementor-widget elementor-widget-text-editor\" data-id=\"573f5091\" data-element_type=\"widget\" data-settings=\"{&quot;_animation&quot;:&quot;fadeInUp&quot;}\" data-widget_type=\"text-editor.default\">\n\t\t\t\t<div class=\"elementor-widget-container\">\n\t\t\t\t\t\t\t\t\t<p>Este website utiliza cookies para melhorar o seu servi\u00e7o.<\/p>\t\t\t\t\t\t\t\t<\/div>\n\t\t\t\t<\/div>\n\t\t\t\t<div class=\"elementor-element elementor-element-28324e7a elementor-invisible elementor-widget elementor-widget-heading\" data-id=\"28324e7a\" data-element_type=\"widget\" data-settings=\"{&quot;_animation&quot;:&quot;fadeInUp&quot;}\" data-widget_type=\"heading.default\">\n\t\t\t\t<div class=\"elementor-widget-container\">\n\t\t\t\t\t<h2 class=\"elementor-heading-title elementor-size-default\">1 \u2013 O QUE S\u00c3O COOKIES?<\/h2>\t\t\t\t<\/div>\n\t\t\t\t<\/div>\n\t\t\t\t<div class=\"elementor-element elementor-element-4d1c3f4 elementor-invisible elementor-widget elementor-widget-text-editor\" data-id=\"4d1c3f4\" data-element_type=\"widget\" data-settings=\"{&quot;_animation&quot;:&quot;fadeInUp&quot;}\" data-widget_type=\"text-editor.default\">\n\t\t\t\t<div class=\"elementor-widget-container\">\n\t\t\t\t\t\t\t\t\t<p>Os cookies s\u00e3o pequenos ficheiros de texto que um website, ao ser visitado pelo utilizador, coloca no seu computador ou no seu dispositivo m\u00f3vel atrav\u00e9s do navegador de internet (browser). A coloca\u00e7\u00e3o de cookies ajudar\u00e1 o site a reconhecer o seu dispositivo na pr\u00f3xima vez que o utilizador o visita.<\/p><p>Usamos o termo cookies nesta pol\u00edtica para referir todos os ficheiros que recolhem informa\u00e7\u00f5es desta forma. Alguns cookies s\u00e3o essenciais para garantir as funcionalidades disponibilizadas, enquanto outros s\u00e3o destinadas a melhorar o desempenho e a experi\u00eancia do utilizador. N\u00e3o dever\u00e1 continuar a aceder ao nosso website ap\u00f3s o alerta sobre os cookies, se n\u00e3o concordar com a sua utiliza\u00e7\u00e3o.<\/p>\t\t\t\t\t\t\t\t<\/div>\n\t\t\t\t<\/div>\n\t\t\t\t<div class=\"elementor-element elementor-element-65dbcc3 elementor-invisible elementor-widget elementor-widget-heading\" data-id=\"65dbcc3\" data-element_type=\"widget\" data-settings=\"{&quot;_animation&quot;:&quot;fadeInUp&quot;}\" data-widget_type=\"heading.default\">\n\t\t\t\t<div class=\"elementor-widget-container\">\n\t\t\t\t\t<h2 class=\"elementor-heading-title elementor-size-default\">2 \u2013 ACEITAR<\/h2>\t\t\t\t<\/div>\n\t\t\t\t<\/div>\n\t\t\t\t<div class=\"elementor-element elementor-element-003730c elementor-invisible elementor-widget elementor-widget-text-editor\" data-id=\"003730c\" data-element_type=\"widget\" data-settings=\"{&quot;_animation&quot;:&quot;fadeInUp&quot;}\" data-widget_type=\"text-editor.default\">\n\t\t\t\t<div class=\"elementor-widget-container\">\n\t\t\t\t\t\t\t\t\t<p>Poder\u00e1 a qualquer momento optar por aceitar ou recusar a instala\u00e7\u00e3o de cookies no seu terminal, configurando o software de navega\u00e7\u00e3o.<\/p>\n<p><strong>2.1<\/strong> Se aceitar cookies<br>O registo de uma cookie no seu terminal depende da sua vontade. Em qualquer momento, poder\u00e1 exprimir e modificar a sua escolha gratuitamente atrav\u00e9s das op\u00e7\u00f5es disponibilizadas pelo seu software de navega\u00e7\u00e3o.<\/p>\n<p>Se no software de navega\u00e7\u00e3o que utiliza tiver aceitado a grava\u00e7\u00e3o de cookies no seu terminal, as cookies integradas nas p\u00e1ginas e conte\u00fados que tiver consultado poder\u00e3o ficar temporariamente armazenadas num espa\u00e7o espec\u00edfico do seu terminal. Nesse local, ser\u00e3o leg\u00edveis apenas pelo emissor das mesmas.<\/p>\n<p class=\"translation-block\"><strong>2.2<\/strong>  Qual \u00e9 o interesse de aceitar cookies? <br>\nQuando visitar website www.fmartinsapartment.com, estas cookies registar\u00e3o determinadas informa\u00e7\u00f5es que est\u00e3o armazenadas no seu terminal. Estas informa\u00e7\u00f5es servem, nomeadamente, para lhe propor produtos em fun\u00e7\u00e3o dos artigos que j\u00e1 selecionou aquando de suas visitas anteriores, e permitem-lhe assim beneficiar de uma melhor navega\u00e7\u00e3o no nosso Site.<\/p>\t\t\t\t\t\t\t\t<\/div>\n\t\t\t\t<\/div>\n\t\t\t\t<div class=\"elementor-element elementor-element-b50eece elementor-invisible elementor-widget elementor-widget-heading\" data-id=\"b50eece\" data-element_type=\"widget\" data-settings=\"{&quot;_animation&quot;:&quot;fadeInUp&quot;}\" data-widget_type=\"heading.default\">\n\t\t\t\t<div class=\"elementor-widget-container\">\n\t\t\t\t\t<h2 class=\"elementor-heading-title elementor-size-default\">3 \u2013 RECUSAR COOKIES<\/h2>\t\t\t\t<\/div>\n\t\t\t\t<\/div>\n\t\t\t\t<div class=\"elementor-element elementor-element-af280ce elementor-invisible elementor-widget elementor-widget-text-editor\" data-id=\"af280ce\" data-element_type=\"widget\" data-settings=\"{&quot;_animation&quot;:&quot;fadeInUp&quot;}\" data-widget_type=\"text-editor.default\">\n\t\t\t\t<div class=\"elementor-widget-container\">\n\t\t\t\t\t\t\t\t\t<p><strong>3.1<\/strong> Se recusar cookies<br \/>Quando recusa cookies, n\u00f3s instalamos contudo uma cookie de \u201crecusa\u201c. Esta cookie permite-nos memorizar a sua escolha, de modo a evitar que lhe perguntemos a cada visita se deseja aceitar ou recusar cookies.<\/p><p><strong>3.2<\/strong> Configura\u00e7\u00e3o do seu navegador<br \/>A configura\u00e7\u00e3o da gest\u00e3o das cookies depende de cada navegador e est\u00e1 presente no menu de ajuda do seu navegador.<\/p><p class=\"translation-block\"><strong>No Internet Explorer<\/strong><br>Para personalizar as configura\u00e7\u00f5es relacionadas aos cookies de uma p\u00e1gina da Web<br>No Internet Explorer, clique no bot\u00e3o Ferramentas e em Op\u00e7\u00f5es da Internet.<br>Clique na guia Privacidade e em Sites. <br>No espa\u00e7o Endere\u00e7o do site da Web, digite o endere\u00e7o completo (URL) da p\u00e1gina da Web cujas configura\u00e7\u00f5es de privacidade voc\u00ea deseja personalizar.<br>Por exemplo, http:\/\/www.microsoft.com.<br>Para permitir o registro de cookies da p\u00e1gina da web especificada em seu computador, clique em Permitir. Para proibir o registro de cookies da p\u00e1gina da Web especificada em seu computador, clique em Bloquear.<br>Repita as etapas 3 e 4 para cada p\u00e1gina da Web que deseja bloquear ou permitir. Quando terminar, clique em OK duas vezes.<\/p><p class=\"translation-block\"><strong>No Safari<\/strong><br>V\u00e1 para Prefer\u00eancias, clique no painel Privacidade e em Gerenciar Cookies.<\/p><p class=\"translation-block\"><strong>No Chrome<\/strong><br>Clique no menu do Chrome localizado na barra de ferramentas do navegador.<br>Selecione Configura\u00e7\u00f5es.<br>Clique em Mostrar configura\u00e7\u00f5es avan\u00e7adas.<br>Na se\u00e7\u00e3o \u201cPrivacidade\u201d, clique em o bot\u00e3o Configura\u00e7\u00f5es de conte\u00fado.<br>Na se\u00e7\u00e3o \u201cCookies\u201d voc\u00ea pode modificar as seguintes configura\u00e7\u00f5es:<br>Excluir cookies<br>Bloquear cookies por padr\u00e3o<br>Permitir cookies por padr\u00e3o<br>Criar exce\u00e7\u00f5es para cookies de sites ou espec\u00edficos dom\u00ednios.<\/p><p class=\"translation-block\"><strong>No Firefox<\/strong><br>Clique no bot\u00e3o Ferramentas e depois em Op\u00e7\u00f5es.<br>Clique na guia Privacidade.<br>No Hist\u00f3rico, selecione \u201cUsar configura\u00e7\u00f5es personalizadas para o hist\u00f3rico\u201d.<br>Marque a op\u00e7\u00e3o \u201c aceitar cookies\u201d e clique em exce\u00e7\u00f5es para escolher os sites que ter\u00e3o ou n\u00e3o permiss\u00e3o para instalar cookies em seu terminal.<\/p><p class=\"translation-block\"><strong>No Opera<\/strong><br>Prefer\u00eancias &gt; Avan\u00e7ado&gt; Cookies<br>As prefer\u00eancias de cookies permitem que voc\u00ea controle como o Opera gerencia os cookies. A configura\u00e7\u00e3o padr\u00e3o \u00e9 aceitar todos os cookies.<br>Aceitar cookies<br>\u2013 Todos os cookies s\u00e3o aceitos (por padr\u00e3o)<br>Aceitar cookies apenas do site que visito<br>\u2013 Cookies de terceiros, de um dom\u00ednio fora do aquele que voc\u00ea est\u00e1 visitando ser\u00e1 recusado<br>Nunca aceite cookies<br>\u2013 Todos os cookies ser\u00e3o recusados<\/p>\t\t\t\t\t\t\t\t<\/div>\n\t\t\t\t<\/div>\n\t\t\t\t<div class=\"elementor-element elementor-element-c191e3b elementor-invisible elementor-widget elementor-widget-heading\" data-id=\"c191e3b\" data-element_type=\"widget\" data-settings=\"{&quot;_animation&quot;:&quot;fadeInUp&quot;}\" data-widget_type=\"heading.default\">\n\t\t\t\t<div class=\"elementor-widget-container\">\n\t\t\t\t\t<h2 class=\"elementor-heading-title elementor-size-default\">4 \u2013 ATUALIZA\u00c7\u00c3O DA NOTIFICA\u00c7\u00c3O LEGAL<\/h2>\t\t\t\t<\/div>\n\t\t\t\t<\/div>\n\t\t\t\t<div class=\"elementor-element elementor-element-ac8e644 elementor-invisible elementor-widget elementor-widget-text-editor\" data-id=\"ac8e644\" data-element_type=\"widget\" data-settings=\"{&quot;_animation&quot;:&quot;fadeInUp&quot;}\" data-widget_type=\"text-editor.default\">\n\t\t\t\t<div class=\"elementor-widget-container\">\n\t\t\t\t\t\t\t\t\tA Francisco Martins reserva-se o direito de fazer quaisquer altera\u00e7\u00f5es ou corre\u00e7\u00f5es a esta notifica\u00e7\u00e3o de cookies. Por favor consulte esta p\u00e1gina regularmente de modo a rever a informa\u00e7\u00e3o e verificar se existe alguma atualiza\u00e7\u00e3o.\t\t\t\t\t\t\t\t<\/div>\n\t\t\t\t<\/div>\n\t\t\t\t<div class=\"elementor-element elementor-element-37076d6 elementor-invisible elementor-widget elementor-widget-text-editor\" data-id=\"37076d6\" data-element_type=\"widget\" data-settings=\"{&quot;_animation&quot;:&quot;fadeInUp&quot;}\" data-widget_type=\"text-editor.default\">\n\t\t\t\t<div class=\"elementor-widget-container\">\n\t\t\t\t\t\t\t\t\tEsta notifica\u00e7\u00e3o foi atualizada em 20 de Dezembro de 2022\t\t\t\t\t\t\t\t<\/div>\n\t\t\t\t<\/div>\n\t\t\t\t\t<\/div>\n\t\t<\/div>\n\t\t\t\t\t<\/div>\n\t\t<\/section>\n\t\t\t\t<\/div>","protected":false},"excerpt":{"rendered":"<p>Francisco Martins Apartments Cookies Policy This website uses cookies to improve its service. 1 \u2013 WHAT ARE COOKIES? The cookies are small text files that a website, when visited by the user, places on their computer or mobile device through the internet browser (browser). The placement of cookies will help the site to recognize your [&hellip;]<\/p>","protected":false},"author":1,"featured_media":64,"parent":0,"menu_order":11,"comment_status":"closed","ping_status":"closed","template":"elementor_canvas","meta":{"footnotes":""},"class_list":["post-973","page","type-page","status-publish","has-post-thumbnail","hentry"],"yoast_head":"<!-- This site is optimized with the Yoast SEO plugin v24.2 - https:\/\/yoast.com\/wordpress\/plugins\/seo\/ -->\n<title>COOKIES POLICY - F. MARTINS APARTMENTS | S\u00e3o Miguel Azores<\/title>\n<meta name=\"description\" content=\"The Francisco Martins Apartments are located on the south coast of S\u00e3o Miguel island in the Azores, with a view of the Atlantic Ocean.\" \/>\n<meta name=\"robots\" content=\"index, follow, max-snippet:-1, max-video-preview:-1, noimageindex\" \/>\n<link rel=\"canonical\" href=\"https:\/\/fmartinsapartment.com\/pt\/\" \/>\n<meta property=\"og:locale\" content=\"pt_PT\" \/>\n<meta property=\"og:type\" content=\"article\" \/>\n<meta property=\"og:title\" content=\"FRANCISCO MARTINS APARTMENT | S\u00e3o Miguel - Azores\" \/>\n<meta property=\"og:description\" content=\"The Francisco Martins Apartments are located on the south coast of S\u00e3o Miguel island in the Azores, with a view of the Atlantic Ocean.\" \/>\n<meta property=\"og:url\" content=\"https:\/\/fmartinsapartment.com\/pt\/\" \/>\n<meta property=\"og:site_name\" content=\"FRANCISCO MARTINS APARTMENT | S\u00e3o Miguel - Azores\" \/>\n<meta property=\"article:modified_time\" content=\"2022-12-21T21:47:16+00:00\" \/>\n<meta property=\"og:image\" content=\"https:\/\/fmartinsapartment.com\/wp-content\/uploads\/2022\/12\/round-shaped-island-sea.jpg\" \/>\n\t<meta property=\"og:image:width\" content=\"1920\" \/>\n\t<meta property=\"og:image:height\" content=\"1279\" \/>\n\t<meta property=\"og:image:type\" content=\"image\/jpeg\" \/>\n<meta name=\"twitter:card\" content=\"summary_large_image\" \/>\n<meta name=\"twitter:title\" content=\"FRANCISCO MARTINS APARTMENT | S\u00e3o Miguel - Azores\" \/>\n<meta name=\"twitter:description\" content=\"The Francisco Martins Apartments are located on the south coast of S\u00e3o Miguel island in the Azores, with a view of the Atlantic Ocean.\" \/>\n<meta name=\"twitter:image\" content=\"https:\/\/fmartinsapartment.com\/wp-content\/uploads\/2022\/12\/round-shaped-island-sea.jpg\" \/>\n<meta name=\"twitter:label1\" content=\"Tempo estimado de leitura\" \/>\n\t<meta name=\"twitter:data1\" content=\"4 minutos\" \/>\n<script type=\"application\/ld+json\" class=\"yoast-schema-graph\">{\"@context\":\"https:\/\/schema.org\",\"@graph\":[{\"@type\":\"WebPage\",\"@id\":\"https:\/\/fmartinsapartment.com\/cookiespolicy\/\",\"url\":\"https:\/\/fmartinsapartment.com\",\"name\":\"COOKIES POLICY - F. MARTINS APARTMENTS | S\u00e3o Miguel Azores\",\"isPartOf\":{\"@id\":\"https:\/\/fmartinsapartment.com\/#website\"},\"primaryImageOfPage\":{\"@id\":\"https:\/\/fmartinsapartment.com#primaryimage\"},\"image\":{\"@id\":\"https:\/\/fmartinsapartment.com#primaryimage\"},\"thumbnailUrl\":\"https:\/\/fmartinsapartment.com\/wp-content\/uploads\/2022\/12\/round-shaped-island-sea.jpg\",\"datePublished\":\"2022-12-20T23:42:22+00:00\",\"dateModified\":\"2022-12-21T21:47:16+00:00\",\"description\":\"The Francisco Martins Apartments are located on the south coast of S\u00e3o Miguel island in the Azores, with a view of the Atlantic Ocean.\",\"breadcrumb\":{\"@id\":\"https:\/\/fmartinsapartment.com#breadcrumb\"},\"inLanguage\":\"pt-PT\",\"potentialAction\":[{\"@type\":\"ReadAction\",\"target\":[\"https:\/\/fmartinsapartment.com\"]}]},{\"@type\":\"ImageObject\",\"inLanguage\":\"pt-PT\",\"@id\":\"https:\/\/fmartinsapartment.com#primaryimage\",\"url\":\"https:\/\/fmartinsapartment.com\/wp-content\/uploads\/2022\/12\/round-shaped-island-sea.jpg\",\"contentUrl\":\"https:\/\/fmartinsapartment.com\/wp-content\/uploads\/2022\/12\/round-shaped-island-sea.jpg\",\"width\":1920,\"height\":1279},{\"@type\":\"BreadcrumbList\",\"@id\":\"https:\/\/fmartinsapartment.com#breadcrumb\",\"itemListElement\":[{\"@type\":\"ListItem\",\"position\":1,\"name\":\"Home\",\"item\":\"https:\/\/fmartinsapartment.com\/\"},{\"@type\":\"ListItem\",\"position\":2,\"name\":\"COOKIES POLICY\"}]},{\"@type\":\"WebSite\",\"@id\":\"https:\/\/fmartinsapartment.com\/#website\",\"url\":\"https:\/\/fmartinsapartment.com\/\",\"name\":\"FRANCISCO MARTINS APARTMENT | S\u00e3o Miguel - Azores\",\"description\":\"Os Apartamentos Francisco Martins situam-se em Vila Franca do Campo nos A\u00e7ores\",\"publisher\":{\"@id\":\"https:\/\/fmartinsapartment.com\/#organization\"},\"potentialAction\":[{\"@type\":\"SearchAction\",\"target\":{\"@type\":\"EntryPoint\",\"urlTemplate\":\"https:\/\/fmartinsapartment.com\/?s={search_term_string}\"},\"query-input\":{\"@type\":\"PropertyValueSpecification\",\"valueRequired\":true,\"valueName\":\"search_term_string\"}}],\"inLanguage\":\"pt-PT\"},{\"@type\":\"Organization\",\"@id\":\"https:\/\/fmartinsapartment.com\/#organization\",\"name\":\"FRANCISCO MARTINS APARTMENT | S\u00e3o Miguel - Azores\",\"url\":\"https:\/\/fmartinsapartment.com\/\",\"logo\":{\"@type\":\"ImageObject\",\"inLanguage\":\"pt-PT\",\"@id\":\"https:\/\/fmartinsapartment.com\/#\/schema\/logo\/image\/\",\"url\":\"https:\/\/fmartinsapartment.com\/wp-content\/uploads\/2022\/12\/LOGO_PRINCIPAL.png\",\"contentUrl\":\"https:\/\/fmartinsapartment.com\/wp-content\/uploads\/2022\/12\/LOGO_PRINCIPAL.png\",\"width\":3102,\"height\":1788,\"caption\":\"FRANCISCO MARTINS APARTMENT | S\u00e3o Miguel - Azores\"},\"image\":{\"@id\":\"https:\/\/fmartinsapartment.com\/#\/schema\/logo\/image\/\"}}]}<\/script>\n<!-- \/ Yoast SEO plugin. -->","yoast_head_json":{"title":"COOKIES POLICY - F. MARTINS APARTMENTS | S\u00e3o Miguel Azores","description":"The Francisco Martins Apartments are located on the south coast of S\u00e3o Miguel island in the Azores, with a view of the Atlantic Ocean.","robots":{"index":"index","follow":"follow","max-snippet":"max-snippet:-1","max-video-preview":"max-video-preview:-1","imageindex":"noimageindex"},"canonical":"https:\/\/fmartinsapartment.com\/pt\/","og_locale":"pt_PT","og_type":"article","og_title":"FRANCISCO MARTINS APARTMENT | S\u00e3o Miguel - Azores","og_description":"The Francisco Martins Apartments are located on the south coast of S\u00e3o Miguel island in the Azores, with a view of the Atlantic Ocean.","og_url":"https:\/\/fmartinsapartment.com\/pt\/","og_site_name":"FRANCISCO MARTINS APARTMENT | S\u00e3o Miguel - Azores","article_modified_time":"2022-12-21T21:47:16+00:00","og_image":[{"width":1920,"height":1279,"url":"https:\/\/fmartinsapartment.com\/wp-content\/uploads\/2022\/12\/round-shaped-island-sea.jpg","type":"image\/jpeg"}],"twitter_card":"summary_large_image","twitter_title":"FRANCISCO MARTINS APARTMENT | S\u00e3o Miguel - Azores","twitter_description":"The Francisco Martins Apartments are located on the south coast of S\u00e3o Miguel island in the Azores, with a view of the Atlantic Ocean.","twitter_image":"https:\/\/fmartinsapartment.com\/wp-content\/uploads\/2022\/12\/round-shaped-island-sea.jpg","twitter_misc":{"Tempo estimado de leitura":"4 minutos"},"schema":{"@context":"https:\/\/schema.org","@graph":[{"@type":"WebPage","@id":"https:\/\/fmartinsapartment.com\/cookiespolicy\/","url":"https:\/\/fmartinsapartment.com","name":"COOKIES POLICY - F. MARTINS APARTMENTS | S\u00e3o Miguel Azores","isPartOf":{"@id":"https:\/\/fmartinsapartment.com\/#website"},"primaryImageOfPage":{"@id":"https:\/\/fmartinsapartment.com#primaryimage"},"image":{"@id":"https:\/\/fmartinsapartment.com#primaryimage"},"thumbnailUrl":"https:\/\/fmartinsapartment.com\/wp-content\/uploads\/2022\/12\/round-shaped-island-sea.jpg","datePublished":"2022-12-20T23:42:22+00:00","dateModified":"2022-12-21T21:47:16+00:00","description":"The Francisco Martins Apartments are located on the south coast of S\u00e3o Miguel island in the Azores, with a view of the Atlantic Ocean.","breadcrumb":{"@id":"https:\/\/fmartinsapartment.com#breadcrumb"},"inLanguage":"pt-PT","potentialAction":[{"@type":"ReadAction","target":["https:\/\/fmartinsapartment.com"]}]},{"@type":"ImageObject","inLanguage":"pt-PT","@id":"https:\/\/fmartinsapartment.com#primaryimage","url":"https:\/\/fmartinsapartment.com\/wp-content\/uploads\/2022\/12\/round-shaped-island-sea.jpg","contentUrl":"https:\/\/fmartinsapartment.com\/wp-content\/uploads\/2022\/12\/round-shaped-island-sea.jpg","width":1920,"height":1279},{"@type":"BreadcrumbList","@id":"https:\/\/fmartinsapartment.com#breadcrumb","itemListElement":[{"@type":"ListItem","position":1,"name":"Home","item":"https:\/\/fmartinsapartment.com\/"},{"@type":"ListItem","position":2,"name":"COOKIES POLICY"}]},{"@type":"WebSite","@id":"https:\/\/fmartinsapartment.com\/#website","url":"https:\/\/fmartinsapartment.com\/","name":"FRANCISCO MARTINS APARTMENT | S\u00e3o Miguel - Azores","description":"Os Apartamentos Francisco Martins situam-se em Vila Franca do Campo nos A\u00e7ores","publisher":{"@id":"https:\/\/fmartinsapartment.com\/#organization"},"potentialAction":[{"@type":"SearchAction","target":{"@type":"EntryPoint","urlTemplate":"https:\/\/fmartinsapartment.com\/?s={search_term_string}"},"query-input":{"@type":"PropertyValueSpecification","valueRequired":true,"valueName":"search_term_string"}}],"inLanguage":"pt-PT"},{"@type":"Organization","@id":"https:\/\/fmartinsapartment.com\/#organization","name":"FRANCISCO MARTINS APARTMENT | S\u00e3o Miguel - Azores","url":"https:\/\/fmartinsapartment.com\/","logo":{"@type":"ImageObject","inLanguage":"pt-PT","@id":"https:\/\/fmartinsapartment.com\/#\/schema\/logo\/image\/","url":"https:\/\/fmartinsapartment.com\/wp-content\/uploads\/2022\/12\/LOGO_PRINCIPAL.png","contentUrl":"https:\/\/fmartinsapartment.com\/wp-content\/uploads\/2022\/12\/LOGO_PRINCIPAL.png","width":3102,"height":1788,"caption":"FRANCISCO MARTINS APARTMENT | S\u00e3o Miguel - Azores"},"image":{"@id":"https:\/\/fmartinsapartment.com\/#\/schema\/logo\/image\/"}}]}},"_links":{"self":[{"href":"https:\/\/fmartinsapartment.com\/pt\/wp-json\/wp\/v2\/pages\/973","targetHints":{"allow":["GET"]}}],"collection":[{"href":"https:\/\/fmartinsapartment.com\/pt\/wp-json\/wp\/v2\/pages"}],"about":[{"href":"https:\/\/fmartinsapartment.com\/pt\/wp-json\/wp\/v2\/types\/page"}],"author":[{"embeddable":true,"href":"https:\/\/fmartinsapartment.com\/pt\/wp-json\/wp\/v2\/users\/1"}],"replies":[{"embeddable":true,"href":"https:\/\/fmartinsapartment.com\/pt\/wp-json\/wp\/v2\/comments?post=973"}],"version-history":[{"count":37,"href":"https:\/\/fmartinsapartment.com\/pt\/wp-json\/wp\/v2\/pages\/973\/revisions"}],"predecessor-version":[{"id":1163,"href":"https:\/\/fmartinsapartment.com\/pt\/wp-json\/wp\/v2\/pages\/973\/revisions\/1163"}],"wp:featuredmedia":[{"embeddable":true,"href":"https:\/\/fmartinsapartment.com\/pt\/wp-json\/wp\/v2\/media\/64"}],"wp:attachment":[{"href":"https:\/\/fmartinsapartment.com\/pt\/wp-json\/wp\/v2\/media?parent=973"}],"curies":[{"name":"wp","href":"https:\/\/api.w.org\/{rel}","templated":true}]}}